{"id":1329,"date":"2023-07-03T10:55:01","date_gmt":"2023-07-03T10:55:01","guid":{"rendered":"https:\/\/universodeapps.com\/?page_id=1329"},"modified":"2025-01-02T19:59:31","modified_gmt":"2025-01-02T19:59:31","slug":"terms-of-use","status":"publish","type":"page","link":"https:\/\/universodeapps.com\/en\/terms-of-use\/","title":{"rendered":"Terms of Use"},"content":{"rendered":"<h2><span style=\"color: rgb(68, 68, 68);\">1. terms<\/span><\/h2><p><span style=\"color: rgb(68, 68, 68);\">When accessing the site <a href=\"https:\/\/universodeapps.com\/en\/\">UniversodeApps<\/a>If you agree to be bound by these terms of service, you agree to comply with all applicable laws and regulations, and you agree that you are responsible for compliance with any applicable local laws. If you do not agree to any of these terms, you are prohibited from using or accessing this site. The materials on this site are protected by applicable copyright and trademark laws.<\/span><\/p><h2><span style=\"color: rgb(68, 68, 68);\">2. License use<\/span><\/h2><p><span style=\"color: rgb(68, 68, 68);\">Permission is granted to temporarily download one copy of the materials (information or software) on UniversodeApps's web site for personal, non-commercial transitory viewing only. This is the grant of a license, not a transfer of title, and under this license you may not:&nbsp;<\/span><\/p><ol><li><span style=\"color: rgb(68, 68, 68);\">modify or copy the materials;&nbsp;<\/span><\/li><li><span style=\"color: rgb(68, 68, 68);\">use the materials for any commercial purpose or for public display (commercial or non-commercial);&nbsp;<\/span><\/li><li><span style=\"color: rgb(68, 68, 68);\">attempt to decompile or reverse engineer any software contained on the UniversodeApps website;&nbsp;<\/span><\/li><li><span style=\"color: rgb(68, 68, 68);\">remove any copyright or other proprietary notations from the materials; or&nbsp;<\/span><\/li><li><span style=\"color: rgb(68, 68, 68);\">transfer the materials to someone else or 'mirror' the materials on any other server.<\/span><\/li><\/ol><p><span style=\"color: rgb(68, 68, 68);\">This license shall automatically terminate if you violate any of these restrictions and may be terminated by UniversodeApps at any time. Upon terminating your viewing of these materials or upon the termination of this license, you must delete all downloaded materials in your possession, whether in electronic or printed format.<\/span><\/p><h2><span style=\"color: rgb(68, 68, 68);\">3. Disclaimer<\/span><\/h2><ol><li><span style=\"color: rgb(68, 68, 68);\">The materials on UniversodeApps's web site are provided 'as is'. UniversodeApps makes no warranties, expressed or implied, and hereby disclaims and negates all other warranties, including without limitation, implied warranties or conditions of merchantability, fitness for a particular purpose, or non-infringement of intellectual property or other violation of rights.<\/span><\/li><li><span style=\"color: rgb(68, 68, 68);\">Further, UniversodeApps does not warrant or make any representations concerning the accuracy, likely results, or reliability of the use of the materials on its Internet web site or otherwise relating to such materials or on any sites linked to this site.<\/span><\/li><\/ol><h2><span style=\"color: rgb(68, 68, 68);\">4. Limitations<\/span><\/h2><p><span style=\"color: rgb(68, 68, 68);\">In no event shall UniversodeApps or its suppliers be liable for any damages (including, without limitation, damages for loss of data or profit, or due to business interruption) arising out of the use or inability to use the materials on UniversodeApps, even if UniversodeApps or a UniversodeApps authorized representative has been notified orally or in writing of the possibility of such damage. Because some jurisdictions do not allow limitations on implied warranties, or limitations of liability for consequential or incidental damages, these limitations may not apply to you.<\/span><\/p><h2><span style=\"color: rgb(68, 68, 68);\">5. Accuracy of materials<\/span><\/h2><p><span style=\"color: rgb(68, 68, 68);\">The materials appearing on UniversodeApps's web site could include technical, typographical, or photographic errors. UniversodeApps does not warrant that any of the materials on its web site are accurate, complete, or current. UniversodeApps may make changes to the materials contained on its web site at any time without notice. However UniversodeApps does not make any commitment to update the materials.<\/span><\/p><h2><span style=\"color: rgb(68, 68, 68);\">6. Links<\/span><\/h2><p><span style=\"color: rgb(68, 68, 68);\">UniversodeApps has not reviewed all of the sites linked to its website and is not responsible for the contents of any such linked site. The inclusion of any link does not imply endorsement by UniversodeApps of the site. Use of any linked site is at the user's own risk.<\/span><\/p><p><\/p><h3><span style=\"color: rgb(68, 68, 68);\">Modifications<\/span><\/h3><p><span style=\"color: rgb(68, 68, 68);\">UniversodeApps may revise these terms of service at any time without notice. By using this site, you agree to be bound by the current version of these terms of service.<\/span><\/p><h3><span style=\"color: rgb(68, 68, 68);\">Applicable law<\/span><\/h3><p><span style=\"color: rgb(68, 68, 68);\">These terms and conditions shall be governed by and construed in accordance with the laws of UniversodeApps and you irrevocably submit to the exclusive jurisdiction of the courts in that state or location.<\/span><\/p>","protected":false},"excerpt":{"rendered":"<p>1. Termos Ao acessar ao site UniversodeApps, concorda em cumprir estes termos de servi\u00e7o, todas as leis e regulamentos aplic\u00e1veis \u200b\u200be concorda que \u00e9 respons\u00e1vel pelo cumprimento de todas as leis locais aplic\u00e1veis. Se voc\u00ea n\u00e3o concordar com algum desses termos, est\u00e1 proibido de usar ou acessar este site. Os<\/p>","protected":false},"author":13,"featured_media":0,"parent":0,"menu_order":0,"comment_status":"closed","ping_status":"closed","template":"","meta":{"_acf_changed":false,"footnotes":""},"class_list":["post-1329","page","type-page","status-publish"],"acf":[],"_links":{"self":[{"href":"https:\/\/universodeapps.com\/en\/wp-json\/wp\/v2\/pages\/1329","targetHints":{"allow":["GET"]}}],"collection":[{"href":"https:\/\/universodeapps.com\/en\/wp-json\/wp\/v2\/pages"}],"about":[{"href":"https:\/\/universodeapps.com\/en\/wp-json\/wp\/v2\/types\/page"}],"author":[{"embeddable":true,"href":"https:\/\/universodeapps.com\/en\/wp-json\/wp\/v2\/users\/13"}],"replies":[{"embeddable":true,"href":"https:\/\/universodeapps.com\/en\/wp-json\/wp\/v2\/comments?post=1329"}],"version-history":[{"count":1,"href":"https:\/\/universodeapps.com\/en\/wp-json\/wp\/v2\/pages\/1329\/revisions"}],"predecessor-version":[{"id":5920,"href":"https:\/\/universodeapps.com\/en\/wp-json\/wp\/v2\/pages\/1329\/revisions\/5920"}],"wp:attachment":[{"href":"https:\/\/universodeapps.com\/en\/wp-json\/wp\/v2\/media?parent=1329"}],"curies":[{"name":"wp","href":"https:\/\/api.w.org\/{rel}","templated":true}]}}