{"id":5880,"date":"2025-01-01T20:56:30","date_gmt":"2025-01-01T20:56:30","guid":{"rendered":"https:\/\/universodeapps.com\/?page_id=5880"},"modified":"2025-01-01T21:18:31","modified_gmt":"2025-01-01T21:18:31","slug":"politique-de-cookies","status":"publish","type":"page","link":"https:\/\/universodeapps.com\/fr\/politique-de-cookies\/","title":{"rendered":"Politique de cookies"},"content":{"rendered":"<h2>Qu'est-ce qu'un biscuit ?<\/h2>\n<p>Cette politique de cookies explique ce que sont les cookies et comment nous les utilisons, les types de cookies que nous utilisons, c&#039;est-\u00e0-dire les informations que nous collectons \u00e0 l&#039;aide des cookies et comment ces informations sont utilis\u00e9es, et comment g\u00e9rer vos param\u00e8tres de cookies.<\/p>\n<p>Les cookies sont de petits fichiers texte utilis\u00e9s pour stocker de petites informations. Ils sont stock\u00e9s sur votre appareil lorsque le site Internet est charg\u00e9 dans votre navigateur. Ces cookies nous aident \u00e0 faire fonctionner le site Web correctement, \u00e0 le rendre plus s\u00e9curis\u00e9, \u00e0 offrir une meilleure exp\u00e9rience utilisateur et \u00e0 comprendre les performances du site Web et \u00e0 analyser ce qui fonctionne et o\u00f9 il doit \u00eatre am\u00e9lior\u00e9.<\/p>\n<h2>Comment utilisons-nous les cookies ?<\/h2>\n<p>Comme la plupart des services en ligne, notre site Web utilise des cookies propri\u00e9taires et tiers \u00e0 diverses fins. Les cookies de premi\u00e8re partie sont principalement n\u00e9cessaires au bon fonctionnement du site Web et ne collectent aucune donn\u00e9e personnelle identifiable.<\/p>\n<p>Les cookies tiers utilis\u00e9s sur notre site Web servent principalement \u00e0 comprendre les performances du site Web, la mani\u00e8re dont vous interagissez avec lui, \u00e0 assurer la s\u00e9curit\u00e9 de nos services, \u00e0 vous proposer des publicit\u00e9s pertinentes pour vous et, dans l&#039;ensemble, \u00e0 vous offrir une exp\u00e9rience utilisateur meilleure et am\u00e9lior\u00e9e. . pour vous aider \u00e0 acc\u00e9l\u00e9rer vos futures interactions avec notre site Web.<\/p>\n<h2>Types de cookies que nous utilisons<\/h2>\n<div class=\"cky-audit-table-element\"><\/div>\n<h2 style=\"margin-bottom: 20px;\">G\u00e9rer les pr\u00e9f\u00e9rences en mati\u00e8re de cookies<\/h2>\n<p><a class=\"cky-banner-element\">Param\u00e8tres des cookies<\/a><\/p>\n<div>\n<p>Vous pouvez modifier vos pr\u00e9f\u00e9rences en mati\u00e8re de cookies \u00e0 tout moment en cliquant sur le bouton ci-dessus. Cela vous permettra de revoir la banni\u00e8re de consentement aux cookies et de modifier vos pr\u00e9f\u00e9rences ou de retirer votre consentement imm\u00e9diatement.<\/p>\n<p>De plus, diff\u00e9rents navigateurs proposent diff\u00e9rentes m\u00e9thodes pour bloquer et supprimer les cookies utilis\u00e9s par les sites Web. Vous pouvez modifier les param\u00e8tres de votre navigateur pour bloquer\/supprimer les cookies. Vous trouverez ci-dessous des liens vers des documents d&#039;assistance sur la gestion et la suppression des cookies pour les principaux navigateurs Web.<\/p>\n<p>Chrome: <a href=\"https:\/\/support.google.com\/accounts\/answer\/32050\" target=\"_blank\" rel=\"noopener\">https:\/\/support.google.com\/accounts\/answer\/32050<\/a><\/p>\n<p>Safari: <a href=\"https:\/\/support.apple.com\/en-in\/guide\/safari\/sfri11471\/mac\" target=\"_blank\" rel=\"noopener\">https:\/\/support.apple.com\/en-in\/guide\/safari\/sfri11471\/mac<\/a><\/p>\n<p>Firefox\u00a0: <a href=\"https:\/\/support.mozilla.org\/en-US\/kb\/clear-cookies-and-site-data-firefox?redirectslug=delete-cookies-remove-info-websites-stored&amp;redirectlocale=en-US\" target=\"_blank\" rel=\"noopener\">https:\/\/support.mozilla.org\/en-US\/kb\/clear-cookies-and-site-data-firefox?redirectslug=delete-cookies-remove-info-websites-stored&amp;redirectlocale=en-US<\/a><\/p>\n<p>Internet Explorer\u00a0: <a href=\"https:\/\/support.microsoft.com\/en-us\/topic\/how-to-delete-cookie-files-in-internet-explorer-bca9446f-d873-78de-77ba-d42645fa52fc\" target=\"_blank\" rel=\"noopener\">https:\/\/support.microsoft.com\/en-us\/topic\/how-to-delete-cookie-files-in-internet-explorer-bca9446f-d873-78de-77ba-d42645fa52fc<\/a><\/p>\n<p>Si vous utilisez un autre navigateur, veuillez consulter les documents d&#039;assistance officiels de votre navigateur.<\/p>\n<\/div>","protected":false},"excerpt":{"rendered":"<p>O que s\u00e3o cookies? Esta Pol\u00edtica de Cookies explica o que s\u00e3o cookies e como os usamos, os tipos de cookies que usamos, ou seja, as informa\u00e7\u00f5es que coletamos usando cookies e como essas informa\u00e7\u00f5es s\u00e3o usadas, e como gerenciar as configura\u00e7\u00f5es de cookies. Cookies s\u00e3o pequenos arquivos de texto<\/p>","protected":false},"author":13,"featured_media":0,"parent":0,"menu_order":0,"comment_status":"closed","ping_status":"closed","template":"","meta":{"_acf_changed":false,"footnotes":""},"class_list":["post-5880","page","type-page","status-publish"],"acf":[],"_links":{"self":[{"href":"https:\/\/universodeapps.com\/fr\/wp-json\/wp\/v2\/pages\/5880","targetHints":{"allow":["GET"]}}],"collection":[{"href":"https:\/\/universodeapps.com\/fr\/wp-json\/wp\/v2\/pages"}],"about":[{"href":"https:\/\/universodeapps.com\/fr\/wp-json\/wp\/v2\/types\/page"}],"author":[{"embeddable":true,"href":"https:\/\/universodeapps.com\/fr\/wp-json\/wp\/v2\/users\/13"}],"replies":[{"embeddable":true,"href":"https:\/\/universodeapps.com\/fr\/wp-json\/wp\/v2\/comments?post=5880"}],"version-history":[{"count":6,"href":"https:\/\/universodeapps.com\/fr\/wp-json\/wp\/v2\/pages\/5880\/revisions"}],"predecessor-version":[{"id":6161,"href":"https:\/\/universodeapps.com\/fr\/wp-json\/wp\/v2\/pages\/5880\/revisions\/6161"}],"wp:attachment":[{"href":"https:\/\/universodeapps.com\/fr\/wp-json\/wp\/v2\/media?parent=5880"}],"curies":[{"name":"wp","href":"https:\/\/api.w.org\/{rel}","templated":true}]}}