{"id":52,"date":"2022-08-04T12:12:12","date_gmt":"2022-08-04T12:12:12","guid":{"rendered":"https:\/\/universodeapps-com.preview-domain.com\/?page_id=52"},"modified":"2025-01-09T16:07:32","modified_gmt":"2025-01-09T16:07:32","slug":"kebijakan-privasi","status":"publish","type":"page","link":"https:\/\/universodeapps.com\/id\/kebijakan-privasi\/","title":{"rendered":"Kebijakan Privasi"},"content":{"rendered":"<p>Terakhir diperbarui: 2 Januari 2025<\/p>\n\n\n\n<p>Terima kasih telah mengunjungi Kebijakan Privasi\u00a0<a href=\"https:\/\/universodeapps.com\/id\/\">Universo de Apps<\/a>. Kebijakan Privasi ini menjelaskan bagaimana Universo de Apps (secara kolektif disebut \u201cUniverso de Apps\u201d, \u201ckami\u201d, \u201ckita\u201d atau \u201cmilik kami\u201d) mengumpulkan, menggunakan dan membagikan informasi tentang Anda (\u201cAnda\u201d, \u201cmilik Anda\u201d atau \u201cpengguna\u201d) ketika Anda mengakses atau menggunakan situs web kami (\u201cLayanan\u201d).<\/p>\n\n\n\n<p>Pengguna bertanggung jawab atas setiap data pihak ketiga yang mereka berikan atau bagikan melalui Layanan dan mengonfirmasi bahwa mereka memiliki persetujuan pihak ketiga untuk memberikan data tersebut kepada kami.<\/p>\n\n\n\n<h2 class=\"wp-block-heading\">Informasi yang Kami Kumpulkan<\/h2>\n\n\n\n<p>Kami dapat mengumpulkan dan menggabungkan informasi tentang Anda saat Anda mengakses atau menggunakan Layanan, termasuk:<\/p>\n\n\n\n<p>Informasi kontak seperti:<\/p>\n\n\n\n<ul class=\"wp-block-list\">\n<li>Nama depan dan belakang Anda<\/li>\n\n\n\n<li>Alamat email<\/li>\n<\/ul>\n\n\n\n<p>Informasi Log dan Penggunaan: seperti jenis browser yang Anda gunakan, model perangkat keras, sistem operasi, alamat IP, pengidentifikasi perangkat unik, waktu akses, halaman yang dilihat, tautan yang diklik, dan perilaku penelusuran seperti waktu yang dihabiskan, dari mana Anda berasal, apa situs web yang Anda kunjungi saat Anda meninggalkan kami dan perilaku penelusuran.<\/p>\n\n\n\n<h2 class=\"wp-block-heading\">Bagaimana Kami Menggunakan Informasi Anda<\/h2>\n\n\n\n<p>Kami menggunakan informasi yang kami kumpulkan tentang Anda untuk menyediakan, memelihara, dan meningkatkan Layanan kami dan interaksi lain yang kami lakukan dengan Anda. Misalnya, kami menggunakan informasi yang dikumpulkan untuk:<\/p>\n\n\n\n<ul class=\"wp-block-list\">\n<li>Memfasilitasi dan meningkatkan pengalaman online kami;<\/li>\n\n\n\n<li>Menyediakan dan mengirimkan produk dan layanan, melakukan otentikasi, memproses transaksi dan pengembalian, dan mengirimkan informasi terkait, termasuk konfirmasi, tanda terima, faktur, survei pengalaman pelanggan, dan pemberitahuan terkait produk atau layanan;<\/li>\n\n\n\n<li>Memproses dan menyampaikan promosi;<\/li>\n\n\n\n<li>Tanggapi komentar dan pertanyaan Anda dan berikan layanan pelanggan;<\/li>\n\n\n\n<li>Jika Anda telah menyatakan ingin menerima pemberitahuan atau pesan promosi;<\/li>\n\n\n\n<li>Mendeteksi, menyelidiki, dan mencegah transaksi penipuan dan aktivitas ilegal lainnya serta melindungi hak dan properti kami dan orang lain;<\/li>\n\n\n\n<li>Mematuhi kewajiban hukum dan keuangan kami;<\/li>\n\n\n\n<li>Memantau dan menganalisis tren, penggunaan dan aktivitas;<\/li>\n\n\n\n<li>Menyediakan dan mengizinkan mitra kami untuk menyediakan iklan dan pemasaran yang ditargetkan sesuai minat Anda.<\/li>\n<\/ul>\n\n\n\n<p>Anda dapat menonaktifkan iklan yang dipersonalisasi dengan mengakses menu&nbsp;<a href=\"https:\/\/www.google.com\/settings\/ads\" target=\"_blank\" rel=\"noreferrer noopener\">Pengaturan iklan<\/a>. Atau, Anda dapat mengakses situs web&nbsp;<a href=\"http:\/\/www.aboutads.info\/choices\/\" target=\"_blank\" rel=\"noreferrer noopener\">www.aboutads.info<\/a>&nbsp;untuk menonaktifkan penggunaan cookie iklan yang dipersonalisasi dari pihak ketiga.<\/p>\n\n\n\n<h2 class=\"wp-block-heading\">Bagaimana Kami Dapat Berbagi Informasi<\/h2>\n\n\n\n<p>Kami dapat membagikan Informasi Pribadi Anda dalam situasi berikut:<\/p>\n\n\n\n<p>Penyedia Layanan Pihak Ketiga: Kami dapat berbagi data dengan penyedia layanan, pemasok, kontraktor, atau agen yang menyelesaikan transaksi atau melakukan layanan atas nama kami, seperti mereka yang membantu bisnis dan operasi internal kami seperti pengiriman dan pengantaran, pemrosesan pembayaran, pencegahan penipuan, layanan pelanggan, kartu hadiah, pengalaman, personalisasi, pemasaran dan periklanan;<\/p>\n\n\n\n<p>Perubahan Bisnis: Kami dapat berbagi data sehubungan dengan transaksi bisnis perusahaan, seperti merger atau akuisisi seluruh atau sebagian bisnis kami ke perusahaan lain, usaha patungan, reorganisasi perusahaan, kebangkrutan atau kebangkrutan, pembiayaan, atau penjualan aset perusahaan;<\/p>\n\n\n\n<p>Untuk Mematuhi Hukum: Kami dapat berbagi data untuk memfasilitasi proses hukum atas permintaan sah dari otoritas publik, termasuk untuk memenuhi tuntutan keamanan nasional atau penegakan hukum sebagaimana diizinkan oleh hukum.<\/p>\n\n\n\n<p>Dengan Persetujuan Anda: Kami dapat membagikan data dengan pihak ketiga jika kami mendapat persetujuan Anda.<\/p>\n\n\n\n<p>Dengan Mitra Periklanan dan Analisis: Lihat bagian berjudul \u201cPeriklanan dan Analisis\u201d di bawah.<\/p>\n\n\n\n<h3 class=\"wp-block-heading\">Google Analitik<\/h3>\n\n\n\n<p>Kami menggunakan Google Analytics, layanan analisis yang disediakan oleh Google LLC. Kami menggunakan layanan ini untuk membantu menganalisis cara pengguna menggunakan Layanan, dengan tujuan menganalisis penggunaan di seluruh perangkat dan memberikan peningkatan bagi semua pengguna. Untuk mempelajari lebih lanjut tentang Google Analytics, kunjungi&nbsp;<a href=\"https:\/\/support.google.com\/analytics\/answer\/6004245\" target=\"_blank\" rel=\"noreferrer noopener\">Kebijakan Privasi<\/a>. Untuk menyisih dari fitur ini dengan memasang Add-on Browser Penyisih Google Analytics,&nbsp;<a href=\"https:\/\/tools.google.com\/dlpage\/gaoptout\" target=\"_blank\" rel=\"noreferrer noopener\">klik disini<\/a>.<\/p>\n\n\n\n<h3 class=\"wp-block-heading\">Iklan di Layanan<\/h3>\n\n\n\n<p>Kami dapat menggunakan perusahaan periklanan pihak ketiga untuk menyajikan konten dan iklan ketika Anda mengunjungi situs web kami. Untuk memilih tidak menerima iklan berbasis minat, silakan lihat bagian berjudul \u201cPeriklanan dan Analisis\u201d di atas.<\/p>\n\n\n\n<h3 class=\"wp-block-heading\">Keamanan Data<\/h3>\n\n\n\n<p>Kami menerapkan langkah-langkah keamanan yang wajar secara komersial yang dirancang untuk melindungi informasi Anda. Meskipun kami telah berupaya sebaik mungkin, tidak ada tindakan pengamanan yang sepenuhnya tidak dapat ditembus.<\/p>\n\n\n\n<h3 class=\"wp-block-heading\">Retensi Data<\/h3>\n\n\n\n<p>Kami menyimpan informasi yang kami kumpulkan tentang Anda selama diperlukan untuk tujuan pengumpulannya atau untuk tujuan bisnis sah lainnya, termasuk untuk memenuhi kewajiban hukum, peraturan, atau kepatuhan kami lainnya.<\/p>\n\n\n\n<h2 class=\"wp-block-heading\">Hak Privasi di California<\/h2>\n\n\n\n<p>Jika Anda adalah penduduk California dan pemrosesan informasi pribadi Anda oleh kami tunduk pada Undang-Undang Privasi Konsumen California (\u201cCCPA\u201d), Anda memiliki hak tertentu sehubungan dengan informasi pribadi tersebut. Berdasarkan CCPA, dengan tunduk pada pengecualian tertentu, \u201cinformasi pribadi\u201d adalah informasi apa pun yang mengidentifikasi, berkaitan dengan, menjelaskan, secara wajar mampu dikaitkan dengan, atau secara wajar dapat dikaitkan, secara langsung atau tidak langsung, dengan penduduk tertentu di California atau tempat tinggal.<\/p>\n\n\n\n<p>Jika Anda adalah penduduk CA, Anda berhak meminta kami memberi Anda informasi berikut:<\/p>\n\n\n\n<ul class=\"wp-block-list\">\n<li>Kategori dan informasi pribadi tertentu yang kami kumpulkan tentang Anda. Kami mengungkapkan kategori informasi dalam \u201cInformasi yang Kami Kumpulkan\u201d di atas.<\/li>\n\n\n\n<li>Kategori sumber tempat kami mengumpulkan informasi pribadi. Kami mengungkapkan kategori sumber dalam \u201cSumber Informasi dan Teknologi Pelacakan\u201d di atas.<\/li>\n\n\n\n<li>Tujuan kami mengumpulkan, menggunakan, atau menjual informasi pribadi. Kami mengungkapkan tujuan ini dalam \u201cCara Kami Menggunakan Informasi Anda\u201d dan \u201cCara Kami Berbagi Informasi\u201d di atas.<\/li>\n\n\n\n<li>Kategori pihak ketiga yang kami bagikan informasi pribadinya. Kami mengungkapkan kategori pihak ketiga dalam \u201cCara Kami Berbagi Informasi\u201d di atas.<\/li>\n\n\n\n<li>Kategori informasi pribadi yang diungkapkan tentang Anda untuk tujuan bisnis. Kami mengungkapkan kategori pihak ketiga dalam \u201cCara Kami Berbagi Informasi\u201d di atas.<\/li>\n<\/ul>\n\n\n\n<p>Anda juga berhak meminta kami menghapus informasi pribadi CCPA Anda dalam keadaan tertentu, dengan pengecualian tertentu.<\/p>\n\n\n\n<p>Terakhir, Anda berhak untuk tidak didiskriminasi karena menjalankan hak-hak yang tercantum dalam CCPA.<\/p>\n\n\n\n<p>Harap diperhatikan bahwa kami berhak mengambil langkah wajar untuk memverifikasi identitas Anda dan keaslian permintaan Anda.<\/p>\n\n\n\n<h2 class=\"wp-block-heading\">Hak Privasi UE<\/h2>\n\n\n\n<p>Individu yang berlokasi di negara tertentu, termasuk Wilayah Ekonomi Eropa (EEA) dan Inggris, mempunyai hak hukum tertentu berdasarkan Peraturan Perlindungan Data Umum (GDPR) sehubungan dengan data pribadi mereka.<\/p>\n\n\n\n<p>Sejauh informasi yang kami kumpulkan dikaitkan dengan individu yang teridentifikasi atau dapat diidentifikasi dan dilindungi sebagai data pribadi berdasarkan GDPR, maka dalam Kebijakan Privasi ini disebut sebagai \u201cData Pribadi\u201d.<\/p>\n\n\n\n<h3 class=\"wp-block-heading\">Permintaan Akses Subjek Data<\/h3>\n\n\n\n<p>Tunduk pada pengecualian apa pun yang diberikan oleh hukum, Anda berhak meminta:<\/p>\n\n\n\n<ul class=\"wp-block-list\">\n<li>salinan Data Pribadi yang kami simpan tentang Anda;<\/li>\n\n\n\n<li>untuk memperbaiki Data Pribadi yang kami miliki tentang Anda;<\/li>\n\n\n\n<li>untuk menghapus Akun atau Data Pribadi Anda;<\/li>\n\n\n\n<li>menolak pemrosesan Data Pribadi Anda untuk tujuan tertentu;<\/li>\n<\/ul>\n\n\n\n<p>Untuk mengakses hak privasi Anda, kirimkan email kepada kami di contacto@universodeapps.com.<\/p>\n\n\n\n<p>Kami biasanya akan memproses permintaan dalam waktu satu bulan. Kami mungkin perlu meminta informasi spesifik dari Anda untuk membantu kami mengonfirmasi identitas Anda dan\/atau yurisdiksi tempat Anda tinggal. Jika permintaan Anda rumit atau Anda telah membuat banyak permintaan, mungkin memerlukan waktu lebih lama. Kami akan memberi tahu Anda jika kami memerlukan waktu lebih dari sebulan untuk merespons.<\/p>\n\n\n\n<h3 class=\"wp-block-heading\">Dasar Hukum untuk Memproses Data Pribadi<\/h3>\n\n\n\n<p>Kami dapat memproses Data Pribadi Anda sesuai dengan undang-undang perlindungan data yang berlaku berdasarkan dasar hukum berikut:<\/p>\n\n\n\n<ul class=\"wp-block-list\">\n<li>Kebutuhan Kontraktual: Kami dapat memproses Data Pribadi Anda untuk mengadakan atau melaksanakan kontrak dengan Anda.<\/li>\n\n\n\n<li>Persetujuan: ketika Anda telah memberikan persetujuan untuk memproses Data Pribadi Anda. Anda dapat menarik persetujuan Anda kapan saja.<\/li>\n\n\n\n<li>Kepentingan Sah: Kami memproses Data Pribadi Anda untuk memberikan Layanan kami kepada Anda, seperti memberikan pengalaman pengguna online kami, berkomunikasi dengan Anda, menyediakan layanan pelanggan, memasarkan, menganalisis dan meningkatkan bisnis kami, dan melindungi Layanan kami.<\/li>\n<\/ul>\n\n\n\n<h2 class=\"wp-block-heading\">Batasan Usia<\/h2>\n\n\n\n<p>Layanan kami ditujukan untuk orang dewasa berusia 18 tahun ke atas. Kami tidak dengan sengaja mengumpulkan informasi identitas pribadi dari anak-anak. Jika Anda adalah orang tua atau wali dan Anda yakin bahwa anak Anda yang berusia di bawah 13 tahun telah memberikan informasi kepada kami, silakan kirim email atau tulis kepada kami di alamat yang tercantum di akhir Kebijakan Privasi ini. Harap tandai pertanyaan Anda sebagai \u201cPermintaan Informasi COPPA\u201d.<\/p>\n\n\n\n<h2 class=\"wp-block-heading\">Perubahan pada Kebijakan Privasi ini<\/h2>\n\n\n\n<p>Universo de Apps dapat mengubah Kebijakan Privasi ini dari waktu ke waktu. Kami mendorong Anda untuk mengunjungi halaman ini untuk mendapatkan informasi. Jika perubahannya bersifat penting, kami dapat memberikan pemberitahuan tambahan ke alamat email Anda atau melalui Layanan kami. Jika Anda terus menggunakan Layanan, ini menunjukkan penerimaan Anda terhadap Kebijakan Privasi yang diubah.<\/p>\n\n\n\n<h2 class=\"wp-block-heading\">Buletin<\/h2>\n\n\n\n<p>Anda dapat memilih untuk tidak menerima email pemasaran dan\/atau buletin dari kami dengan menghubungi kami sebagaimana dijelaskan dalam \u201cHubungi Kami\u201d di bawah. Kami mungkin masih mengirimi Anda pesan transaksional, yang mencakup komunikasi terkait Layanan dan tanggapan atas pertanyaan Anda.<\/p>\n\n\n\n<h2 class=\"wp-block-heading\">Penyimpanan Informasi di Portugal<\/h2>\n\n\n\n<p>Informasi yang kami miliki mungkin disimpan baik di dalam maupun di luar Portugal. Jika Anda tinggal di luar Portugal, Anda memahami dan menyetujui bahwa kami dapat mentransfer informasi Anda ke Portugal dan bahwa hukum Portugal mungkin tidak menawarkan tingkat perlindungan yang sama seperti yang ada di negara Anda.<\/p>\n\n\n\n<h2 class=\"wp-block-heading\">Hubungi kami<\/h2>\n\n\n\n<p>Jika Anda memiliki pertanyaan, komentar, atau kekhawatiran mengenai Kebijakan Privasi ini, Anda dapat menghubungi kami di:<\/p>\n\n\n\n<p><a href=\"https:\/\/universodeapps.com\/id\/hubungi-kami-2\/\">https:\/\/universodeapps.com\/contacte-nos\/<\/a><\/p>\n\n\n\n<p><a href=\"mailto:contacto@universodeapps.com\">contacto@universodeapps.com<\/a><\/p>","protected":false},"excerpt":{"rendered":"<p>\u00daltima atualiza\u00e7\u00e3o:&nbsp;02 de Janeiro de 2025 Obrigado por visitar a Pol\u00edtica de Privacidade do\u00a0Universo de Apps. Esta Pol\u00edtica de Privacidade explica como o Universo de Apps (coletivamente, \u201cUniverso de Apps\u201d, \u201cn\u00f3s\u201d, \u201cnos\u201d ou \u201cnosso\u201d) coleta, usa e compartilha informa\u00e7\u00f5es sobre voc\u00ea (\u201cvoc\u00ea\u201d, \u201cseu\u201d ou \u201cusu\u00e1rio\u201d) quando voc\u00ea acessa ou usa<\/p>","protected":false},"author":13,"featured_media":0,"parent":0,"menu_order":0,"comment_status":"closed","ping_status":"closed","template":"","meta":{"_acf_changed":false,"footnotes":""},"class_list":["post-52","page","type-page","status-publish"],"acf":[],"_links":{"self":[{"href":"https:\/\/universodeapps.com\/id\/wp-json\/wp\/v2\/pages\/52","targetHints":{"allow":["GET"]}}],"collection":[{"href":"https:\/\/universodeapps.com\/id\/wp-json\/wp\/v2\/pages"}],"about":[{"href":"https:\/\/universodeapps.com\/id\/wp-json\/wp\/v2\/types\/page"}],"author":[{"embeddable":true,"href":"https:\/\/universodeapps.com\/id\/wp-json\/wp\/v2\/users\/13"}],"replies":[{"embeddable":true,"href":"https:\/\/universodeapps.com\/id\/wp-json\/wp\/v2\/comments?post=52"}],"version-history":[{"count":2,"href":"https:\/\/universodeapps.com\/id\/wp-json\/wp\/v2\/pages\/52\/revisions"}],"predecessor-version":[{"id":6164,"href":"https:\/\/universodeapps.com\/id\/wp-json\/wp\/v2\/pages\/52\/revisions\/6164"}],"wp:attachment":[{"href":"https:\/\/universodeapps.com\/id\/wp-json\/wp\/v2\/media?parent=52"}],"curies":[{"name":"wp","href":"https:\/\/api.w.org\/{rel}","templated":true}]}}